{"id":9,"date":"2020-12-04T11:45:18","date_gmt":"2020-12-04T11:45:18","guid":{"rendered":"https:\/\/taydoxanh.com\/?page_id=9"},"modified":"2022-09-20T21:30:42","modified_gmt":"2022-09-20T14:30:42","slug":"gioi-thieu","status":"publish","type":"page","link":"https:\/\/taydoxanh.com\/en\/gioi-thieu\/","title":{"rendered":"About Us"},"content":{"rendered":"<p>Tay Do Xanh is one of the prestigious units in the industry of wasted materials purchasing, industrial and domestic waste collection, demolition work, and factory dismantling.\u00a0 We always try our best to join efforts with the community for the clean and green environment, as well as in order to meet your demand and trust. Currently, we have cooperated with many big companies and corporations. With more than ten-year- reputation of Tay Do Xanh, We definitely assert that we will bring satisfaction when working with enterprises.<\/p>","protected":false},"excerpt":{"rendered":"<p>Tay Do Xanh is one of the prestigious units in the industry of wasted materials purchasing, industrial and domestic waste collection, demolition work, and factory dismantling.\u00a0 We always try our best to join efforts with the community for the clean and green environment, as well as in order to meet your demand and trust. Currently, [&hellip;]<\/p>\n","protected":false},"author":1,"featured_media":0,"parent":0,"menu_order":0,"comment_status":"closed","ping_status":"closed","template":"","meta":{"footnotes":""},"class_list":["post-9","page","type-page","status-publish","hentry"],"yoast_head":"<!-- This site is optimized with the Yoast SEO plugin v26.6 - https:\/\/yoast.com\/wordpress\/plugins\/seo\/ -->\n<title>About Us - T\u00e2y \u0110\u00f4 Xanh<\/title>\n<meta name=\"robots\" content=\"index, follow, max-snippet:-1, max-image-preview:large, max-video-preview:-1\" \/>\n<link rel=\"canonical\" href=\"https:\/\/taydoxanh.com\/gioi-thieu\/\" \/>\n<meta property=\"og:locale\" content=\"en_US\" \/>\n<meta property=\"og:type\" content=\"article\" \/>\n<meta property=\"og:title\" content=\"About Us - T\u00e2y \u0110\u00f4 Xanh\" \/>\n<meta property=\"og:description\" content=\"Tay Do Xanh is one of the prestigious units in the industry of wasted materials purchasing, industrial and domestic waste collection, demolition work, and factory dismantling.\u00a0 We always try our best to join efforts with the community for the clean and green environment, as well as in order to meet your demand and trust. Currently, [&hellip;]\" \/>\n<meta property=\"og:url\" content=\"https:\/\/taydoxanh.com\/gioi-thieu\/\" \/>\n<meta property=\"og:site_name\" content=\"T\u00e2y \u0110\u00f4 Xanh\" \/>\n<meta property=\"article:modified_time\" content=\"2022-09-20T14:30:42+00:00\" \/>\n<meta property=\"og:image\" content=\"https:\/\/taydoxanh.com\/wp-content\/uploads\/2020\/12\/so-do-to-chuc.jpg\" \/>\n\t<meta property=\"og:image:width\" content=\"800\" \/>\n\t<meta property=\"og:image:height\" content=\"732\" \/>\n\t<meta property=\"og:image:type\" content=\"image\/jpeg\" \/>\n<meta name=\"twitter:card\" content=\"summary_large_image\" \/>\n<meta name=\"twitter:label1\" content=\"Est. reading time\" \/>\n\t<meta name=\"twitter:data1\" content=\"6 minutes\" \/>\n<script type=\"application\/ld+json\" class=\"yoast-schema-graph\">{\"@context\":\"https:\/\/schema.org\",\"@graph\":[{\"@type\":\"WebPage\",\"@id\":\"https:\/\/taydoxanh.com\/gioi-thieu\/\",\"url\":\"https:\/\/taydoxanh.com\/gioi-thieu\/\",\"name\":\"About Us - T\u00e2y \u0110\u00f4 Xanh\",\"isPartOf\":{\"@id\":\"https:\/\/taydoxanh.com\/#website\"},\"primaryImageOfPage\":{\"@id\":\"https:\/\/taydoxanh.com\/gioi-thieu\/#primaryimage\"},\"image\":{\"@id\":\"https:\/\/taydoxanh.com\/gioi-thieu\/#primaryimage\"},\"thumbnailUrl\":\"https:\/\/taydoxanh.com\/wp-content\/uploads\/2020\/12\/so-do-to-chuc.jpg\",\"datePublished\":\"2020-12-04T11:45:18+00:00\",\"dateModified\":\"2022-09-20T14:30:42+00:00\",\"breadcrumb\":{\"@id\":\"https:\/\/taydoxanh.com\/gioi-thieu\/#breadcrumb\"},\"inLanguage\":\"en-US\",\"potentialAction\":[{\"@type\":\"ReadAction\",\"target\":[\"https:\/\/taydoxanh.com\/gioi-thieu\/\"]}]},{\"@type\":\"ImageObject\",\"inLanguage\":\"en-US\",\"@id\":\"https:\/\/taydoxanh.com\/gioi-thieu\/#primaryimage\",\"url\":\"https:\/\/taydoxanh.com\/wp-content\/uploads\/2020\/12\/so-do-to-chuc.jpg\",\"contentUrl\":\"https:\/\/taydoxanh.com\/wp-content\/uploads\/2020\/12\/so-do-to-chuc.jpg\"},{\"@type\":\"BreadcrumbList\",\"@id\":\"https:\/\/taydoxanh.com\/gioi-thieu\/#breadcrumb\",\"itemListElement\":[{\"@type\":\"ListItem\",\"position\":1,\"name\":\"Home\",\"item\":\"https:\/\/taydoxanh.com\/\"},{\"@type\":\"ListItem\",\"position\":2,\"name\":\"Gi\u1edbi Thi\u1ec7u\"}]},{\"@type\":\"WebSite\",\"@id\":\"https:\/\/taydoxanh.com\/#website\",\"url\":\"https:\/\/taydoxanh.com\/\",\"name\":\"T\u00e2y \u0110\u00f4 Xanh\",\"description\":\"\",\"potentialAction\":[{\"@type\":\"SearchAction\",\"target\":{\"@type\":\"EntryPoint\",\"urlTemplate\":\"https:\/\/taydoxanh.com\/?s={search_term_string}\"},\"query-input\":{\"@type\":\"PropertyValueSpecification\",\"valueRequired\":true,\"valueName\":\"search_term_string\"}}],\"inLanguage\":\"en-US\"}]}<\/script>\n<!-- \/ Yoast SEO plugin. -->","yoast_head_json":{"title":"About Us - T\u00e2y \u0110\u00f4 Xanh","robots":{"index":"index","follow":"follow","max-snippet":"max-snippet:-1","max-image-preview":"max-image-preview:large","max-video-preview":"max-video-preview:-1"},"canonical":"https:\/\/taydoxanh.com\/gioi-thieu\/","og_locale":"en_US","og_type":"article","og_title":"About Us - T\u00e2y \u0110\u00f4 Xanh","og_description":"Tay Do Xanh is one of the prestigious units in the industry of wasted materials purchasing, industrial and domestic waste collection, demolition work, and factory dismantling.\u00a0 We always try our best to join efforts with the community for the clean and green environment, as well as in order to meet your demand and trust. Currently, [&hellip;]","og_url":"https:\/\/taydoxanh.com\/gioi-thieu\/","og_site_name":"T\u00e2y \u0110\u00f4 Xanh","article_modified_time":"2022-09-20T14:30:42+00:00","og_image":[{"width":800,"height":732,"url":"https:\/\/taydoxanh.com\/wp-content\/uploads\/2020\/12\/so-do-to-chuc.jpg","type":"image\/jpeg"}],"twitter_card":"summary_large_image","twitter_misc":{"Est. reading time":"6 minutes"},"schema":{"@context":"https:\/\/schema.org","@graph":[{"@type":"WebPage","@id":"https:\/\/taydoxanh.com\/gioi-thieu\/","url":"https:\/\/taydoxanh.com\/gioi-thieu\/","name":"About Us - T\u00e2y \u0110\u00f4 Xanh","isPartOf":{"@id":"https:\/\/taydoxanh.com\/#website"},"primaryImageOfPage":{"@id":"https:\/\/taydoxanh.com\/gioi-thieu\/#primaryimage"},"image":{"@id":"https:\/\/taydoxanh.com\/gioi-thieu\/#primaryimage"},"thumbnailUrl":"https:\/\/taydoxanh.com\/wp-content\/uploads\/2020\/12\/so-do-to-chuc.jpg","datePublished":"2020-12-04T11:45:18+00:00","dateModified":"2022-09-20T14:30:42+00:00","breadcrumb":{"@id":"https:\/\/taydoxanh.com\/gioi-thieu\/#breadcrumb"},"inLanguage":"en-US","potentialAction":[{"@type":"ReadAction","target":["https:\/\/taydoxanh.com\/gioi-thieu\/"]}]},{"@type":"ImageObject","inLanguage":"en-US","@id":"https:\/\/taydoxanh.com\/gioi-thieu\/#primaryimage","url":"https:\/\/taydoxanh.com\/wp-content\/uploads\/2020\/12\/so-do-to-chuc.jpg","contentUrl":"https:\/\/taydoxanh.com\/wp-content\/uploads\/2020\/12\/so-do-to-chuc.jpg"},{"@type":"BreadcrumbList","@id":"https:\/\/taydoxanh.com\/gioi-thieu\/#breadcrumb","itemListElement":[{"@type":"ListItem","position":1,"name":"Home","item":"https:\/\/taydoxanh.com\/"},{"@type":"ListItem","position":2,"name":"Gi\u1edbi Thi\u1ec7u"}]},{"@type":"WebSite","@id":"https:\/\/taydoxanh.com\/#website","url":"https:\/\/taydoxanh.com\/","name":"T\u00e2y \u0110\u00f4 Xanh","description":"","potentialAction":[{"@type":"SearchAction","target":{"@type":"EntryPoint","urlTemplate":"https:\/\/taydoxanh.com\/?s={search_term_string}"},"query-input":{"@type":"PropertyValueSpecification","valueRequired":true,"valueName":"search_term_string"}}],"inLanguage":"en-US"}]}},"_links":{"self":[{"href":"https:\/\/taydoxanh.com\/en\/wp-json\/wp\/v2\/pages\/9","targetHints":{"allow":["GET"]}}],"collection":[{"href":"https:\/\/taydoxanh.com\/en\/wp-json\/wp\/v2\/pages"}],"about":[{"href":"https:\/\/taydoxanh.com\/en\/wp-json\/wp\/v2\/types\/page"}],"author":[{"embeddable":true,"href":"https:\/\/taydoxanh.com\/en\/wp-json\/wp\/v2\/users\/1"}],"replies":[{"embeddable":true,"href":"https:\/\/taydoxanh.com\/en\/wp-json\/wp\/v2\/comments?post=9"}],"version-history":[{"count":6,"href":"https:\/\/taydoxanh.com\/en\/wp-json\/wp\/v2\/pages\/9\/revisions"}],"predecessor-version":[{"id":168,"href":"https:\/\/taydoxanh.com\/en\/wp-json\/wp\/v2\/pages\/9\/revisions\/168"}],"wp:attachment":[{"href":"https:\/\/taydoxanh.com\/en\/wp-json\/wp\/v2\/media?parent=9"}],"curies":[{"name":"wp","href":"https:\/\/api.w.org\/{rel}","templated":true}]}}