{"id":53,"date":"2020-12-07T00:01:37","date_gmt":"2020-12-06T17:01:37","guid":{"rendered":"https:\/\/taydoxanh.com\/?page_id=53"},"modified":"2022-09-21T13:12:31","modified_gmt":"2022-09-21T06:12:31","slug":"thu-mua-phe-lieu","status":"publish","type":"page","link":"https:\/\/taydoxanh.com\/en\/thu-mua-phe-lieu\/","title":{"rendered":"Scrap Collection"},"content":{"rendered":"<p class=\"qtranxs-available-languages-message qtranxs-available-languages-message-en\">Sorry, this entry is only available in <a href=\"https:\/\/taydoxanh.com\/vi\/wp-json\/wp\/v2\/pages\/53\" class=\"qtranxs-available-language-link qtranxs-available-language-link-vi\" title=\"Ti\u1ebfng Vi\u1ec7t\">Ti\u1ebfng Vi\u1ec7t<\/a>.<\/p>","protected":false},"excerpt":{"rendered":"<p>Sorry, this entry is only available in Ti\u1ebfng Vi\u1ec7t.<\/p>\n","protected":false},"author":1,"featured_media":0,"parent":0,"menu_order":0,"comment_status":"closed","ping_status":"closed","template":"","meta":{"footnotes":""},"class_list":["post-53","page","type-page","status-publish","hentry"],"yoast_head":"<!-- This site is optimized with the Yoast SEO plugin v26.6 - https:\/\/yoast.com\/wordpress\/plugins\/seo\/ -->\n<title>Scrap Collection - T\u00e2y \u0110\u00f4 Xanh<\/title>\n<meta name=\"robots\" content=\"index, follow, max-snippet:-1, max-image-preview:large, max-video-preview:-1\" \/>\n<link rel=\"canonical\" href=\"https:\/\/taydoxanh.com\/thu-mua-phe-lieu\/\" \/>\n<meta property=\"og:locale\" content=\"en_US\" \/>\n<meta property=\"og:type\" content=\"article\" \/>\n<meta property=\"og:title\" content=\"Scrap Collection - T\u00e2y \u0110\u00f4 Xanh\" \/>\n<meta property=\"og:description\" content=\"Sorry, this entry is only available in Ti\u1ebfng Vi\u1ec7t.\" \/>\n<meta property=\"og:url\" content=\"https:\/\/taydoxanh.com\/thu-mua-phe-lieu\/\" \/>\n<meta property=\"og:site_name\" content=\"T\u00e2y \u0110\u00f4 Xanh\" \/>\n<meta property=\"article:modified_time\" content=\"2022-09-21T06:12:31+00:00\" \/>\n<meta property=\"og:image\" content=\"https:\/\/taydoxanh.com\/wp-content\/uploads\/2020\/12\/slider2-1.jpg\" \/>\n<meta name=\"twitter:card\" content=\"summary_large_image\" \/>\n<meta name=\"twitter:label1\" content=\"Est. reading time\" \/>\n\t<meta name=\"twitter:data1\" content=\"1 minute\" \/>\n<script type=\"application\/ld+json\" class=\"yoast-schema-graph\">{\"@context\":\"https:\/\/schema.org\",\"@graph\":[{\"@type\":\"WebPage\",\"@id\":\"https:\/\/taydoxanh.com\/thu-mua-phe-lieu\/\",\"url\":\"https:\/\/taydoxanh.com\/thu-mua-phe-lieu\/\",\"name\":\"Scrap Collection - T\u00e2y \u0110\u00f4 Xanh\",\"isPartOf\":{\"@id\":\"https:\/\/taydoxanh.com\/#website\"},\"datePublished\":\"2020-12-06T17:01:37+00:00\",\"dateModified\":\"2022-09-21T06:12:31+00:00\",\"breadcrumb\":{\"@id\":\"https:\/\/taydoxanh.com\/thu-mua-phe-lieu\/#breadcrumb\"},\"inLanguage\":\"en-US\",\"potentialAction\":[{\"@type\":\"ReadAction\",\"target\":[\"https:\/\/taydoxanh.com\/thu-mua-phe-lieu\/\"]}]},{\"@type\":\"BreadcrumbList\",\"@id\":\"https:\/\/taydoxanh.com\/thu-mua-phe-lieu\/#breadcrumb\",\"itemListElement\":[{\"@type\":\"ListItem\",\"position\":1,\"name\":\"Home\",\"item\":\"https:\/\/taydoxanh.com\/\"},{\"@type\":\"ListItem\",\"position\":2,\"name\":\"Thu Mua Ph\u1ebf Li\u1ec7u\"}]},{\"@type\":\"WebSite\",\"@id\":\"https:\/\/taydoxanh.com\/#website\",\"url\":\"https:\/\/taydoxanh.com\/\",\"name\":\"T\u00e2y \u0110\u00f4 Xanh\",\"description\":\"\",\"potentialAction\":[{\"@type\":\"SearchAction\",\"target\":{\"@type\":\"EntryPoint\",\"urlTemplate\":\"https:\/\/taydoxanh.com\/?s={search_term_string}\"},\"query-input\":{\"@type\":\"PropertyValueSpecification\",\"valueRequired\":true,\"valueName\":\"search_term_string\"}}],\"inLanguage\":\"en-US\"}]}<\/script>\n<!-- \/ Yoast SEO plugin. -->","yoast_head_json":{"title":"Scrap Collection - T\u00e2y \u0110\u00f4 Xanh","robots":{"index":"index","follow":"follow","max-snippet":"max-snippet:-1","max-image-preview":"max-image-preview:large","max-video-preview":"max-video-preview:-1"},"canonical":"https:\/\/taydoxanh.com\/thu-mua-phe-lieu\/","og_locale":"en_US","og_type":"article","og_title":"Scrap Collection - T\u00e2y \u0110\u00f4 Xanh","og_description":"Sorry, this entry is only available in Ti\u1ebfng Vi\u1ec7t.","og_url":"https:\/\/taydoxanh.com\/thu-mua-phe-lieu\/","og_site_name":"T\u00e2y \u0110\u00f4 Xanh","article_modified_time":"2022-09-21T06:12:31+00:00","og_image":[{"url":"https:\/\/taydoxanh.com\/wp-content\/uploads\/2020\/12\/slider2-1.jpg","type":"","width":"","height":""}],"twitter_card":"summary_large_image","twitter_misc":{"Est. reading time":"1 minute"},"schema":{"@context":"https:\/\/schema.org","@graph":[{"@type":"WebPage","@id":"https:\/\/taydoxanh.com\/thu-mua-phe-lieu\/","url":"https:\/\/taydoxanh.com\/thu-mua-phe-lieu\/","name":"Scrap Collection - T\u00e2y \u0110\u00f4 Xanh","isPartOf":{"@id":"https:\/\/taydoxanh.com\/#website"},"datePublished":"2020-12-06T17:01:37+00:00","dateModified":"2022-09-21T06:12:31+00:00","breadcrumb":{"@id":"https:\/\/taydoxanh.com\/thu-mua-phe-lieu\/#breadcrumb"},"inLanguage":"en-US","potentialAction":[{"@type":"ReadAction","target":["https:\/\/taydoxanh.com\/thu-mua-phe-lieu\/"]}]},{"@type":"BreadcrumbList","@id":"https:\/\/taydoxanh.com\/thu-mua-phe-lieu\/#breadcrumb","itemListElement":[{"@type":"ListItem","position":1,"name":"Home","item":"https:\/\/taydoxanh.com\/"},{"@type":"ListItem","position":2,"name":"Thu Mua Ph\u1ebf Li\u1ec7u"}]},{"@type":"WebSite","@id":"https:\/\/taydoxanh.com\/#website","url":"https:\/\/taydoxanh.com\/","name":"T\u00e2y \u0110\u00f4 Xanh","description":"","potentialAction":[{"@type":"SearchAction","target":{"@type":"EntryPoint","urlTemplate":"https:\/\/taydoxanh.com\/?s={search_term_string}"},"query-input":{"@type":"PropertyValueSpecification","valueRequired":true,"valueName":"search_term_string"}}],"inLanguage":"en-US"}]}},"_links":{"self":[{"href":"https:\/\/taydoxanh.com\/en\/wp-json\/wp\/v2\/pages\/53","targetHints":{"allow":["GET"]}}],"collection":[{"href":"https:\/\/taydoxanh.com\/en\/wp-json\/wp\/v2\/pages"}],"about":[{"href":"https:\/\/taydoxanh.com\/en\/wp-json\/wp\/v2\/types\/page"}],"author":[{"embeddable":true,"href":"https:\/\/taydoxanh.com\/en\/wp-json\/wp\/v2\/users\/1"}],"replies":[{"embeddable":true,"href":"https:\/\/taydoxanh.com\/en\/wp-json\/wp\/v2\/comments?post=53"}],"version-history":[{"count":2,"href":"https:\/\/taydoxanh.com\/en\/wp-json\/wp\/v2\/pages\/53\/revisions"}],"predecessor-version":[{"id":226,"href":"https:\/\/taydoxanh.com\/en\/wp-json\/wp\/v2\/pages\/53\/revisions\/226"}],"wp:attachment":[{"href":"https:\/\/taydoxanh.com\/en\/wp-json\/wp\/v2\/media?parent=53"}],"curies":[{"name":"wp","href":"https:\/\/api.w.org\/{rel}","templated":true}]}}